{"id":15,"date":"2016-03-14T18:12:59","date_gmt":"2016-03-14T17:12:59","guid":{"rendered":"http:\/\/new.wuestefilm-west.de\/?page_id=15"},"modified":"2025-05-27T16:37:08","modified_gmt":"2025-05-27T14:37:08","slug":"kontakt","status":"publish","type":"page","link":"https:\/\/www.wuestefilm-west.de\/en\/kontakt\/","title":{"rendered":"Contact"},"content":{"rendered":"<p><strong>W\u00fcste Film West GmbH<\/strong><br \/>\nC\u00e4cilienstra\u00dfe 48<br \/>\nD-50667 Cologne<\/p>\n<p>Tel: +49 (0)221 &#8211; 292 173 80<br \/>\nwueste@wuestefilm-west.de<\/p>\n<p><strong>Office location in Cologne!<\/strong><\/p>\n<div class=\"embed-container\">\n<iframe loading=\"lazy\" src=\"https:\/\/www.google.com\/maps\/embed?pb=!1m18!1m12!1m3!1d5028.569062748868!2d6.945335074387077!3d50.93695083483735!2m3!1f0!2f0!3f0!3m2!1i1024!2i768!4f13.1!3m3!1m2!1s0x47bf25abf9e5fc0b%3A0x5c3a7e447a748919!2zQ8OkY2lsaWVuc3RyYcOfZSA0OCwgNTA2NjcgS8O2bG4!5e0!3m2!1sde!2sde!4v1457976250057\" width=\"980\" height=\"450\" frameborder=\"0\" style=\"border:0\" allowfullscreen><\/iframe>\n<\/div>\n<p><\/p>","protected":false},"excerpt":{"rendered":"<p>W\u00fcste Film West GmbH C\u00e4cilienstra\u00dfe 48 D-50667 Cologne Tel: +49 (0)221 &#8211; 292 173 80 wueste@wuestefilm-west.de Office location in Cologne!<\/p>\n","protected":false},"author":1,"featured_media":0,"parent":0,"menu_order":0,"comment_status":"closed","ping_status":"closed","template":"","meta":{"footnotes":""},"_links":{"self":[{"href":"https:\/\/www.wuestefilm-west.de\/en\/wp-json\/wp\/v2\/pages\/15"}],"collection":[{"href":"https:\/\/www.wuestefilm-west.de\/en\/wp-json\/wp\/v2\/pages"}],"about":[{"href":"https:\/\/www.wuestefilm-west.de\/en\/wp-json\/wp\/v2\/types\/page"}],"author":[{"embeddable":true,"href":"https:\/\/www.wuestefilm-west.de\/en\/wp-json\/wp\/v2\/users\/1"}],"replies":[{"embeddable":true,"href":"https:\/\/www.wuestefilm-west.de\/en\/wp-json\/wp\/v2\/comments?post=15"}],"version-history":[{"count":23,"href":"https:\/\/www.wuestefilm-west.de\/en\/wp-json\/wp\/v2\/pages\/15\/revisions"}],"predecessor-version":[{"id":653,"href":"https:\/\/www.wuestefilm-west.de\/en\/wp-json\/wp\/v2\/pages\/15\/revisions\/653"}],"wp:attachment":[{"href":"https:\/\/www.wuestefilm-west.de\/en\/wp-json\/wp\/v2\/media?parent=15"}],"curies":[{"name":"wp","href":"https:\/\/api.w.org\/{rel}","templated":true}]}}