{"id":17,"date":"2016-03-14T18:13:12","date_gmt":"2016-03-14T17:13:12","guid":{"rendered":"http:\/\/new.wuestefilm-west.de\/?page_id=17"},"modified":"2026-02-10T11:56:40","modified_gmt":"2026-02-10T10:56:40","slug":"impressum","status":"publish","type":"page","link":"https:\/\/www.wuestefilm-west.de\/en\/impressum\/","title":{"rendered":"Imprint"},"content":{"rendered":"<p><strong>W\u00fcste Film West GmbH<\/strong><br \/>\nC\u00e4cilienstra\u00dfe 48<br \/>\nD-50667 Cologne<\/p>\n<p>Tel: +49(0)221-29217380<\/p>\n<p>Managing director: Levin H\u00fcbner, Lucie Emons, Bj\u00f6rn Vosgerau<br \/>\nCommercial register No.: HR Amtsgericht K\u00f6ln HRB 35761<br \/>\nVAT-ID: DE 217 706 316<\/p>\n<p>Responsible in regard to \u00a7 5 TMG\/ \u00a7 55 RStV: W\u00fcste Film West GmbH<\/p>\n<p><strong>Liability note<\/strong><\/p>\n<p>Despite careful content control we will not assume liability for the content of external links.<br \/>\nThe liability for content of externally linked sites lies with these sites\u2019 operators.<\/p>\n<p><strong>Opt-out according to \u00a744b section 3 German Copyright Act:<\/strong><\/p>\n<p>W\u00fcste Film West GmbH expressly reserves the right to use all content in image, sound and word of both its film works and this website by third parties for the purpose of text and data mining in accordance with \u00a7 44b section 3 German Copyright Act (UrhG). The use of content for the purposes of text and data mining, including for training purposes of AI software, requires the prior written consent of W\u00fcste Film West GmbH.<\/p>\n<p><strong>Copyright and ancillary copyright<\/strong><\/p>\n<p>The published content on this website is subject to German copyright and ancillary copyright. Each and any use inadmissible under German copyright and ancillary copyright requires the prior written consent of the provider or respective rights holder.<br \/>\nThis applies in particular to reproduction, editing, saving and accordingly playback of content in databases or other electronic media and systems. Therein contents and third-party rights shall be labelled as such. The unauthorised duplication or forwarding of individual contents or entire pages is not permitted and is punishable by law. <\/p>\n<p><strong>Website support: <\/strong> <a href=\"http:\/\/www.suzidesign.de\" target=\"_blank\" rel=\"noopener noreferrer\">www.suzidesign.de<\/a> und <a href=\"http:\/\/www.weisser-wertheim.de\/\" target=\"_blank\" rel=\"noopener noreferrer\">www.weisser-wertheim.de<\/a><br \/>\n<strong>Translation:<\/strong> Christian Kaps<br \/>\n<\/p>","protected":false},"excerpt":{"rendered":"<p>W\u00fcste Film West GmbH C\u00e4cilienstra\u00dfe 48 D-50667 Cologne Tel: +49(0)221-29217380 Managing director: Levin H\u00fcbner, Lucie Emons, Bj\u00f6rn Vosgerau Commercial register&#8230; <a class=\"moretag\" href=\"https:\/\/www.wuestefilm-west.de\/en\/impressum\/\">&rarr; Read more<\/a><\/p>\n","protected":false},"author":1,"featured_media":0,"parent":0,"menu_order":0,"comment_status":"closed","ping_status":"closed","template":"","meta":{"footnotes":""},"_links":{"self":[{"href":"https:\/\/www.wuestefilm-west.de\/en\/wp-json\/wp\/v2\/pages\/17"}],"collection":[{"href":"https:\/\/www.wuestefilm-west.de\/en\/wp-json\/wp\/v2\/pages"}],"about":[{"href":"https:\/\/www.wuestefilm-west.de\/en\/wp-json\/wp\/v2\/types\/page"}],"author":[{"embeddable":true,"href":"https:\/\/www.wuestefilm-west.de\/en\/wp-json\/wp\/v2\/users\/1"}],"replies":[{"embeddable":true,"href":"https:\/\/www.wuestefilm-west.de\/en\/wp-json\/wp\/v2\/comments?post=17"}],"version-history":[{"count":26,"href":"https:\/\/www.wuestefilm-west.de\/en\/wp-json\/wp\/v2\/pages\/17\/revisions"}],"predecessor-version":[{"id":670,"href":"https:\/\/www.wuestefilm-west.de\/en\/wp-json\/wp\/v2\/pages\/17\/revisions\/670"}],"wp:attachment":[{"href":"https:\/\/www.wuestefilm-west.de\/en\/wp-json\/wp\/v2\/media?parent=17"}],"curies":[{"name":"wp","href":"https:\/\/api.w.org\/{rel}","templated":true}]}}